{"id":11926,"date":"2022-04-14T02:19:52","date_gmt":"2022-04-13T23:19:52","guid":{"rendered":"https:\/\/momesteclinic.com\/tr\/?page_id=11926"},"modified":"2022-05-17T13:28:01","modified_gmt":"2022-05-17T10:28:01","slug":"blog","status":"publish","type":"page","link":"https:\/\/momesteclinic.com\/tr\/blog\/","title":{"rendered":"Blog"},"content":{"rendered":"<div data-elementor-type=\"wp-page\" data-elementor-id=\"11926\" class=\"elementor elementor-11926\" data-elementor-settings=\"[]\">\n\t\t\t\t\t\t\t<div class=\"elementor-section-wrap\">\n\t\t\t\t\t\t\t<section class=\"elementor-section elementor-top-section elementor-element elementor-element-df71ffa elementor-section-content-middle elementor-section-boxed elementor-section-height-default elementor-section-height-default\" data-id=\"df71ffa\" data-element_type=\"section\" data-settings=\"{&quot;background_background&quot;:&quot;classic&quot;}\">\n\t\t\t\t\t\t<div class=\"elementor-container elementor-column-gap-default\">\n\t\t\t\t\t<div class=\"elementor-column elementor-col-100 elementor-top-column elementor-element elementor-element-e6731a7\" data-id=\"e6731a7\" data-element_type=\"column\">\n\t\t\t<div class=\"elementor-widget-wrap elementor-element-populated\">\n\t\t\t\t\t\t\t\t<div class=\"elementor-element elementor-element-e0ecebd elementor-widget elementor-widget-ld_blog\" data-id=\"e0ecebd\" data-element_type=\"widget\" data-widget_type=\"ld_blog.default\">\n\t\t\t\t<div class=\"elementor-widget-container\">\n\t\t\t<div class=\"lqd-lp-grid e0ecebd blog-id-235851453\"><div class=\"lqd-lp-row row pos-rel d-flex flex-wrap\" ><div class=\"lqd-lp-column d-flex flex-column col-md-4 col-sm-6 estetik\"><article id=\"post-11240\" class=\"lqd-lp pos-rel lqd-lp lqd-lp-style-16 text-start post-11240 post type-post status-publish format-standard has-post-thumbnail hentry category-estetik\">\n\n<div class=\"lqd-lp-img border-radius-4 overflow-hidden pos-rel mb-5\">\n\t<figure class=\"pos-rel bg-cover bg-center w-100\"><img loading=\"lazy\" decoding=\"async\" width=\"720\" height=\"400\" src=\"https:\/\/momesteclinic.com\/tr\/wp-content\/uploads\/2022\/04\/burun-ameliyat-720x400.jpg\" class=\"w-100 wp-post-image\" alt=\"\" srcset=\"https:\/\/momesteclinic.com\/tr\/wp-content\/uploads\/2022\/04\/burun-ameliyat-720x400.jpg 720w,   https:\/\/momesteclinic.com\/tr\/wp-content\/uploads\/2022\/04\/burun-ameliyat-300x167.jpg 300w,   https:\/\/momesteclinic.com\/tr\/wp-content\/uploads\/2022\/04\/burun-ameliyat.jpg 1000w\" sizes=\"auto, (max-width: 720px) 100vw, 720px\" \/><\/figure><\/div>\n\n<header class=\"lqd-lp-header mb-3\">\n\t<h2 class=\"entry-title lqd-lp-title h5 m-0\"><a  href=\"https:\/\/momesteclinic.com\/tr\/rinoplasti-dikkat-edilmesi-gerekenler.html\/\" rel=\"bookmark\">Rinoplasti Dikkat Edilmesi Gerekenler<\/a><\/h2><\/header>\n\n\t\t\t<div class=\"lqd-lp-excerpt mb-3\">\n\t\t\t\tBurun ameliyat\u0131 acil bir cerrahi de\u011fildir ve genel sa\u011fl\u0131\u011f\u0131n\u0131z bizim i\u00e7in her zaman \u00f6nceliklidir. Ameliyat \u00f6ncesi...\t\t\t<\/div>\n\t\t\n<footer class=\"lqd-lp-footer pos-rel z-index-2 pt-1\">\n\t<a href=\"https:\/\/momesteclinic.com\/tr\/rinoplasti-dikkat-edilmesi-gerekenler.html\/\" class=\"btn btn-naked text-uppercase ltr-sp-1 size-sm font-weight-bold lqd-lp-read-more\">\n\t\t<span class=\"btn-line btn-line-before d-inline-block pos-rel\"><\/span>\n\t\t<span class=\"btn-txt d-inline-block\">Continue Reading<\/span>\n\t\t<span class=\"btn-line btn-line-after d-inline-block pos-rel\">\n\t\t\t<svg class=\"d-inline-block pos-abs\" xmlns=\"http:\/\/www.w3.org\/2000\/svg\" width=\"12\" height=\"32\" viewBox=\"0 0 12 32\" style=\"height: 2em;\"><path fill=\"currentColor\" d=\"M8.375 16L.437 8.062C-.125 7.5-.125 6.5.438 5.938s1.563-.563 2.126 0l9 9c.562.562.624 1.5.062 2.062l-9.063 9.063c-.312.312-.687.437-1.062.437s-.75-.125-1.063-.438c-.562-.562-.562-1.562 0-2.125z\"><\/path><\/svg>\n\t\t<\/span>\n\t<\/a>\n<\/footer>\n\n<a  href=\"https:\/\/momesteclinic.com\/tr\/rinoplasti-dikkat-edilmesi-gerekenler.html\/\" class=\"lqd-lp-overlay-link lqd-overlay lqd-cc-label-trigger z-index-2\" tab-index=\"-1\"><\/a>\n<\/article><\/div><div class=\"lqd-lp-column d-flex flex-column col-md-4 col-sm-6 sac-ekimi\"><article id=\"post-11217\" class=\"lqd-lp pos-rel lqd-lp lqd-lp-style-16 text-start post-11217 post type-post status-publish format-standard has-post-thumbnail hentry category-sac-ekimi\">\n\n<div class=\"lqd-lp-img border-radius-4 overflow-hidden pos-rel mb-5\">\n\t<figure class=\"pos-rel bg-cover bg-center w-100\"><img loading=\"lazy\" decoding=\"async\" width=\"720\" height=\"400\" src=\"https:\/\/momesteclinic.com\/tr\/wp-content\/uploads\/2022\/04\/3-adimda-en-iyi-sac-cizgisine-sahip-oldugundan-emin-ol-720x400.jpg\" class=\"w-100 wp-post-image\" alt=\"\" srcset=\"https:\/\/momesteclinic.com\/tr\/wp-content\/uploads\/2022\/04\/3-adimda-en-iyi-sac-cizgisine-sahip-oldugundan-emin-ol-720x400.jpg 720w,   https:\/\/momesteclinic.com\/tr\/wp-content\/uploads\/2022\/04\/3-adimda-en-iyi-sac-cizgisine-sahip-oldugundan-emin-ol-300x167.jpg 300w,   https:\/\/momesteclinic.com\/tr\/wp-content\/uploads\/2022\/04\/3-adimda-en-iyi-sac-cizgisine-sahip-oldugundan-emin-ol.jpg 1000w\" sizes=\"auto, (max-width: 720px) 100vw, 720px\" \/><\/figure><\/div>\n\n<header class=\"lqd-lp-header mb-3\">\n\t<h2 class=\"entry-title lqd-lp-title h5 m-0\"><a  href=\"https:\/\/momesteclinic.com\/tr\/3-adimda-en-iyi-sac-cizgisine-sahip-oldugundan-emin-ol.html\/\" rel=\"bookmark\">3 Ad\u0131mda En \u0130yi Sa\u00e7 \u00c7izgisine Sahip Oldu\u011fundan Emin Ol!<\/a><\/h2><\/header>\n\n\t\t\t<div class=\"lqd-lp-excerpt mb-3\">\n\t\t\t\tSa\u00e7 ekiminin en \u00f6nemli noktas\u0131 \u00f6n sa\u00e7 \u00e7izgisine do\u011fall\u0131k verilebilmesidir. Sa\u00e7 \u00e7izgisini olu\u015fturacak olan uzman\u0131n el...\t\t\t<\/div>\n\t\t\n<footer class=\"lqd-lp-footer pos-rel z-index-2 pt-1\">\n\t<a href=\"https:\/\/momesteclinic.com\/tr\/3-adimda-en-iyi-sac-cizgisine-sahip-oldugundan-emin-ol.html\/\" class=\"btn btn-naked text-uppercase ltr-sp-1 size-sm font-weight-bold lqd-lp-read-more\">\n\t\t<span class=\"btn-line btn-line-before d-inline-block pos-rel\"><\/span>\n\t\t<span class=\"btn-txt d-inline-block\">Continue Reading<\/span>\n\t\t<span class=\"btn-line btn-line-after d-inline-block pos-rel\">\n\t\t\t<svg class=\"d-inline-block pos-abs\" xmlns=\"http:\/\/www.w3.org\/2000\/svg\" width=\"12\" height=\"32\" viewBox=\"0 0 12 32\" style=\"height: 2em;\"><path fill=\"currentColor\" d=\"M8.375 16L.437 8.062C-.125 7.5-.125 6.5.438 5.938s1.563-.563 2.126 0l9 9c.562.562.624 1.5.062 2.062l-9.063 9.063c-.312.312-.687.437-1.062.437s-.75-.125-1.063-.438c-.562-.562-.562-1.562 0-2.125z\"><\/path><\/svg>\n\t\t<\/span>\n\t<\/a>\n<\/footer>\n\n<a  href=\"https:\/\/momesteclinic.com\/tr\/3-adimda-en-iyi-sac-cizgisine-sahip-oldugundan-emin-ol.html\/\" class=\"lqd-lp-overlay-link lqd-overlay lqd-cc-label-trigger z-index-2\" tab-index=\"-1\"><\/a>\n<\/article><\/div><div class=\"lqd-lp-column d-flex flex-column col-md-4 col-sm-6 sac-ekimi\"><article id=\"post-11207\" class=\"lqd-lp pos-rel lqd-lp lqd-lp-style-16 text-start post-11207 post type-post status-publish format-standard has-post-thumbnail hentry category-sac-ekimi\">\n\n<div class=\"lqd-lp-img border-radius-4 overflow-hidden pos-rel mb-5\">\n\t<figure class=\"pos-rel bg-cover bg-center w-100\"><img loading=\"lazy\" decoding=\"async\" width=\"720\" height=\"400\" src=\"https:\/\/momesteclinic.com\/tr\/wp-content\/uploads\/2022\/04\/2022-yili-sac-ekimi-maliyetleri-720x400.jpg\" class=\"w-100 wp-post-image\" alt=\"\" srcset=\"https:\/\/momesteclinic.com\/tr\/wp-content\/uploads\/2022\/04\/2022-yili-sac-ekimi-maliyetleri-720x400.jpg 720w,   https:\/\/momesteclinic.com\/tr\/wp-content\/uploads\/2022\/04\/2022-yili-sac-ekimi-maliyetleri-300x167.jpg 300w,   https:\/\/momesteclinic.com\/tr\/wp-content\/uploads\/2022\/04\/2022-yili-sac-ekimi-maliyetleri-600x334.jpg 600w,   https:\/\/momesteclinic.com\/tr\/wp-content\/uploads\/2022\/04\/2022-yili-sac-ekimi-maliyetleri.jpg 1000w\" sizes=\"auto, (max-width: 720px) 100vw, 720px\" \/><\/figure><\/div>\n\n<header class=\"lqd-lp-header mb-3\">\n\t<h2 class=\"entry-title lqd-lp-title h5 m-0\"><a  href=\"https:\/\/momesteclinic.com\/tr\/2022-yili-sac-ekimi-maliyetleri.html\/\" rel=\"bookmark\">2022 Y\u0131l\u0131 Sa\u00e7 Ekimi Maliyetleri<\/a><\/h2><\/header>\n\n\t\t\t<div class=\"lqd-lp-excerpt mb-3\">\n\t\t\t\tSa\u00e7 ekimi maliyetleri bir\u00e7ok de\u011fi\u015fkene ba\u011fl\u0131d\u0131r: Doktor \u00fccretleri ve klinik giderlerinden ba\u015flayarak...\t\t\t<\/div>\n\t\t\n<footer class=\"lqd-lp-footer pos-rel z-index-2 pt-1\">\n\t<a href=\"https:\/\/momesteclinic.com\/tr\/2022-yili-sac-ekimi-maliyetleri.html\/\" class=\"btn btn-naked text-uppercase ltr-sp-1 size-sm font-weight-bold lqd-lp-read-more\">\n\t\t<span class=\"btn-line btn-line-before d-inline-block pos-rel\"><\/span>\n\t\t<span class=\"btn-txt d-inline-block\">Continue Reading<\/span>\n\t\t<span class=\"btn-line btn-line-after d-inline-block pos-rel\">\n\t\t\t<svg class=\"d-inline-block pos-abs\" xmlns=\"http:\/\/www.w3.org\/2000\/svg\" width=\"12\" height=\"32\" viewBox=\"0 0 12 32\" style=\"height: 2em;\"><path fill=\"currentColor\" d=\"M8.375 16L.437 8.062C-.125 7.5-.125 6.5.438 5.938s1.563-.563 2.126 0l9 9c.562.562.624 1.5.062 2.062l-9.063 9.063c-.312.312-.687.437-1.062.437s-.75-.125-1.063-.438c-.562-.562-.562-1.562 0-2.125z\"><\/path><\/svg>\n\t\t<\/span>\n\t<\/a>\n<\/footer>\n\n<a  href=\"https:\/\/momesteclinic.com\/tr\/2022-yili-sac-ekimi-maliyetleri.html\/\" class=\"lqd-lp-overlay-link lqd-overlay lqd-cc-label-trigger z-index-2\" tab-index=\"-1\"><\/a>\n<\/article><\/div><\/div><!--\/ .row --><\/div><!--\/ .lqd-lp-grid -->\t\t<\/div>\n\t\t\t\t<\/div>\n\t\t\t\t\t<\/div>\n\t\t<\/div>\n\t\t\t\t\t\t\t<\/div>\n\t\t<\/section>\n\t\t\t\t\t\t<\/div>\n\t\t\t\t\t<\/div>","protected":false},"excerpt":{"rendered":"","protected":false},"author":1,"featured_media":0,"parent":0,"menu_order":0,"comment_status":"closed","ping_status":"closed","template":"","meta":{"footnotes":""},"class_list":["post-11926","page","type-page","status-publish","hentry"],"_links":{"self":[{"href":"https:\/\/momesteclinic.com\/tr\/wp-json\/wp\/v2\/pages\/11926","targetHints":{"allow":["GET"]}}],"collection":[{"href":"https:\/\/momesteclinic.com\/tr\/wp-json\/wp\/v2\/pages"}],"about":[{"href":"https:\/\/momesteclinic.com\/tr\/wp-json\/wp\/v2\/types\/page"}],"author":[{"embeddable":true,"href":"https:\/\/momesteclinic.com\/tr\/wp-json\/wp\/v2\/users\/1"}],"replies":[{"embeddable":true,"href":"https:\/\/momesteclinic.com\/tr\/wp-json\/wp\/v2\/comments?post=11926"}],"version-history":[{"count":0,"href":"https:\/\/momesteclinic.com\/tr\/wp-json\/wp\/v2\/pages\/11926\/revisions"}],"wp:attachment":[{"href":"https:\/\/momesteclinic.com\/tr\/wp-json\/wp\/v2\/media?parent=11926"}],"curies":[{"name":"wp","href":"https:\/\/api.w.org\/{rel}","templated":true}]}}