{"id":10633,"date":"2022-04-01T17:04:08","date_gmt":"2022-04-01T14:04:08","guid":{"rendered":"https:\/\/momesteclinic.com\/tr\/?page_id=10633"},"modified":"2022-04-18T16:58:14","modified_gmt":"2022-04-18T13:58:14","slug":"tup-mide-ameliyati","status":"publish","type":"page","link":"https:\/\/momesteclinic.com\/tr\/tup-mide-ameliyati\/","title":{"rendered":"T\u00fcp Mide Ameliyat\u0131"},"content":{"rendered":"<div data-elementor-type=\"wp-page\" data-elementor-id=\"10633\" class=\"elementor elementor-10633\" data-elementor-settings=\"[]\">\n\t\t\t\t\t\t\t<div class=\"elementor-section-wrap\">\n\t\t\t\t\t\t\t<section class=\"elementor-section elementor-top-section elementor-element elementor-element-ebf2625 elementor-reverse-tablet elementor-reverse-mobile elementor-section-boxed elementor-section-height-default elementor-section-height-default\" data-id=\"ebf2625\" data-element_type=\"section\">\n\t\t\t\t\t\t<div class=\"elementor-container elementor-column-gap-default\">\n\t\t\t\t\t<div class=\"lqd-css-sticky-column elementor-column elementor-col-50 elementor-top-column elementor-element elementor-element-a6f0c9b\" style=\"--lqd-sticky-offset:30px\" data-id=\"a6f0c9b\" data-element_type=\"column\">\n\t\t\t<div class=\"elementor-widget-wrap elementor-element-populated\">\n\t\t\t\t\t\t\t\t<section class=\"elementor-section elementor-inner-section elementor-element elementor-element-911e72b elementor-section-boxed elementor-section-height-default elementor-section-height-default\" data-id=\"911e72b\" data-element_type=\"section\" data-settings=\"{&quot;background_background&quot;:&quot;classic&quot;}\">\n\t\t\t\t\t\t<div class=\"elementor-container elementor-column-gap-default\">\n\t\t\t\t\t<div class=\"elementor-column elementor-col-100 elementor-inner-column elementor-element elementor-element-6eb5807\" data-id=\"6eb5807\" data-element_type=\"column\">\n\t\t\t<div class=\"elementor-widget-wrap elementor-element-populated\">\n\t\t\t\t\t\t\t\t<div class=\"elementor-element elementor-element-c3c5580 elementor-widget elementor-widget-hub_fancy_heading\" data-id=\"c3c5580\" data-element_type=\"widget\" data-widget_type=\"hub_fancy_heading.default\">\n\t\t\t\t<div class=\"elementor-widget-container\">\n\t\t\t\n\t\t<div id=\"ld-fancy-heading-69f85a1868c8f\" class=\"ld-fancy-heading pos-rel\">\n\t\t\t<h3 class=\"ld-fh-element d-inline-block pos-rel  elementor-heading-title lqd-highlight-classic lqd-highlight-grow-left h3\"  > OBEZ\u0130TE<\/h3>\t\t<\/div>\n\n\t\t\t\t<\/div>\n\t\t\t\t<\/div>\n\t\t\t\t\t<\/div>\n\t\t<\/div>\n\t\t\t\t\t\t\t<\/div>\n\t\t<\/section>\n\t\t\t\t<div class=\"elementor-element elementor-element-e652e82 elementor-widget elementor-widget-ld_custom_menu\" data-id=\"e652e82\" data-element_type=\"widget\" data-widget_type=\"ld_custom_menu.default\">\n\t\t\t\t<div class=\"elementor-widget-container\">\n\t\t\t\n\t\t\t<div\t\t\t\tclass=\"lqd-fancy-menu lqd-custom-menu pos-rel menu-items-has-fill lqd-menu-td-none\"\n\t\t\t\t\t\t\t>\n\t\t\t\n\t\t\t\t\t\t\t<ul class=\"reset-ul\" id=\"lqd-custom-menu-e652e82\" >\n\t\t\t\t\n\t\t\t\t\t\t<li>\n\t\t\t\t\t\t\t<a  href=\"https:\/\/momesteclinic.com\/tr\/tup-mide-ameliyati\/\" target=\"_self\" >\n\n\t\t\t\t\t\t\t\t\t\t\t\t\t\t\t\t\t<span class=\"link-icon d-inline-flex hide-if-empty right-icon icon-push-to-edge\"><\/span>\n\t\t\t\t\t\t\t\t\n\t\t\t\t\t\t\t\t\t\t\t\t\t\t\t\t\tT\u00fcp Mide Ameliyat\u0131\t\t\t\t\t\t\t\t\t\t\t\t\t\t\t\t\t\t\t\t\t\t\t<\/a>\n\t\t\t\t\t\t\t\t\t\t\t\t\t<\/li>\n\n\t\t\t\t\t\t\n\t\t\t\t\t\t<li>\n\t\t\t\t\t\t\t<a  href=\"https:\/\/momesteclinic.com\/tr\/mide-bypass\/\" target=\"_self\" >\n\n\t\t\t\t\t\t\t\t\t\t\t\t\t\t\t\t\t<span class=\"link-icon d-inline-flex hide-if-empty right-icon icon-push-to-edge\"><\/span>\n\t\t\t\t\t\t\t\t\n\t\t\t\t\t\t\t\t\t\t\t\t\t\t\t\t\tMide Bypass\t\t\t\t\t\t\t\t\t\t\t\t\t\t\t\t\t\t\t\t\t\t\t<\/a>\n\t\t\t\t\t\t\t\t\t\t\t\t\t<\/li>\n\n\t\t\t\t\t\t\n\t\t\t\t\t\t<li>\n\t\t\t\t\t\t\t<a  href=\"https:\/\/momesteclinic.com\/tr\/mide-balonu\/\" target=\"_self\" >\n\n\t\t\t\t\t\t\t\t\t\t\t\t\t\t\t\t\t<span class=\"link-icon d-inline-flex hide-if-empty right-icon icon-push-to-edge\"><\/span>\n\t\t\t\t\t\t\t\t\n\t\t\t\t\t\t\t\t\t\t\t\t\t\t\t\t\tMide Balonu\t\t\t\t\t\t\t\t\t\t\t\t\t\t\t\t\t\t\t\t\t\t\t<\/a>\n\t\t\t\t\t\t\t\t\t\t\t\t\t<\/li>\n\n\t\t\t\t\t\t\t\t\t\t<\/ul>\n\t\t\t\t\t\t\t\t\t<\/div>\n\t\t\t\t<\/div>\n\t\t\t\t<\/div>\n\t\t\t\t<section class=\"elementor-section elementor-inner-section elementor-element elementor-element-bd52fa1 elementor-section-boxed elementor-section-height-default elementor-section-height-default\" data-id=\"bd52fa1\" data-element_type=\"section\" data-settings=\"{&quot;background_background&quot;:&quot;classic&quot;}\">\n\t\t\t\t\t\t<div class=\"elementor-container elementor-column-gap-default\">\n\t\t\t\t\t<div class=\"elementor-column elementor-col-100 elementor-inner-column elementor-element elementor-element-3de2469\" data-id=\"3de2469\" data-element_type=\"column\">\n\t\t\t<div class=\"elementor-widget-wrap elementor-element-populated\">\n\t\t\t\t\t\t\t\t<div class=\"elementor-element elementor-element-2c03d76 elementor-align-center elementor-widget elementor-widget-ld_icon_box\" data-id=\"2c03d76\" data-element_type=\"widget\" data-widget_type=\"ld_icon_box.default\">\n\t\t\t\t<div class=\"elementor-widget-container\">\n\t\t\t\n\t\t\t<div id=\"ld_icon_box_2c03d76\" class=\"iconbox d-flex flex-grow-1 pos-rel align-items-center iconbox-side\"   >\n\n\t\t\t\t\n\t\t\t\t<div class=\"iconbox-icon-wrap\"><div class=\"iconbox-icon-container d-inline-flex\"><i aria-hidden=\"true\" class=\"fas fa-headphones-alt\"><\/i><\/div><\/div>\n\t\t\t\t\n\t\t\t\t<div class=\"contents\">\n\t\t\t\t\n\t\t\t\t<h3 class=\"lqd-iconbox-heading\" >\u00c7a\u011fr\u0131 Merkezi:  <\/h3>\t\t\t\t<p><span style=\"font-size: 20px;color: #fff\">+90 542 414 84 34<\/span><\/p>\n\t\t\t\t\n\t\t\t\t<\/div>\n\t\t\t\t\n\t\t\t<\/div>\n\n\t\t\t\t<\/div>\n\t\t\t\t<\/div>\n\t\t\t\t\t<\/div>\n\t\t<\/div>\n\t\t\t\t\t\t\t<\/div>\n\t\t<\/section>\n\t\t\t\t<section class=\"elementor-section elementor-inner-section elementor-element elementor-element-de4d133 elementor-section-boxed elementor-section-height-default elementor-section-height-default\" data-id=\"de4d133\" data-element_type=\"section\">\n\t\t\t\t\t\t<div class=\"elementor-container elementor-column-gap-default\">\n\t\t\t\t\t<div class=\"elementor-column elementor-col-100 elementor-inner-column elementor-element elementor-element-6a40fdc\" data-id=\"6a40fdc\" data-element_type=\"column\" data-settings=\"{&quot;background_background&quot;:&quot;classic&quot;}\">\n\t\t\t<div class=\"elementor-widget-wrap elementor-element-populated\">\n\t\t\t\t\t\t\t\t<div class=\"elementor-element elementor-element-e261403 elementor-widget elementor-widget-hub_fancy_heading\" data-id=\"e261403\" data-element_type=\"widget\" data-widget_type=\"hub_fancy_heading.default\">\n\t\t\t\t<div class=\"elementor-widget-container\">\n\t\t\t\n\t\t<div id=\"ld-fancy-heading-69f85a187f3c1\" class=\"ld-fancy-heading pos-rel\">\n\t\t\t<h3 class=\"ld-fh-element d-inline-block pos-rel  elementor-heading-title lqd-highlight-classic lqd-highlight-grow-left h3\"  > H\u0131zl\u0131 Teklif Al<\/h3>\t\t<\/div>\n\n\t\t\t\t<\/div>\n\t\t\t\t<\/div>\n\t\t\t\t<div class=\"elementor-element elementor-element-6c950d4 elementor-widget elementor-widget-ld_cf722\" data-id=\"6c950d4\" data-element_type=\"widget\" data-widget_type=\"ld_cf722.default\">\n\t\t\t\t<div class=\"elementor-widget-container\">\n\t\t\t\n\t<div class=\"lqd-contact-form lqd-contact-form-inputs-filled  lqd-contact-form-inputs-round lqd-contact-form-button-block\">\n\t\t\n<div class=\"wpcf7 no-js\" id=\"wpcf7-f8632-o1\" lang=\"en-US\" dir=\"ltr\" data-wpcf7-id=\"8632\">\n<div class=\"screen-reader-response\"><p role=\"status\" aria-live=\"polite\" aria-atomic=\"true\"><\/p> <ul><\/ul><\/div>\n<form action=\"\/tr\/wp-json\/wp\/v2\/pages\/10633#wpcf7-f8632-o1\" method=\"post\" class=\"wpcf7-form init\" aria-label=\"Contact form\" novalidate=\"novalidate\" data-status=\"init\">\n<div style=\"display: none;\">\n<input type=\"hidden\" name=\"_wpcf7\" value=\"8632\" \/>\n<input type=\"hidden\" name=\"_wpcf7_version\" value=\"6.0.1\" \/>\n<input type=\"hidden\" name=\"_wpcf7_locale\" value=\"en_US\" \/>\n<input type=\"hidden\" name=\"_wpcf7_unit_tag\" value=\"wpcf7-f8632-o1\" \/>\n<input type=\"hidden\" name=\"_wpcf7_container_post\" value=\"0\" \/>\n<input type=\"hidden\" name=\"_wpcf7_posted_data_hash\" value=\"\" \/>\n<\/div>\n<div class=\"row\">\n\t<div class=\"col-md-12\">\n\t\t<p><span class=\"wpcf7-form-control-wrap\" data-name=\"adi\"><input size=\"40\" maxlength=\"400\" class=\"wpcf7-form-control wpcf7-text wpcf7-validates-as-required\" aria-required=\"true\" aria-invalid=\"false\" placeholder=\"Ad\u0131n\u0131z\" value=\"\" type=\"text\" name=\"adi\" \/><\/span><i class=\"lqd-icn-ess icon-lqd-user\"><\/i>\n\t\t<\/p>\n\t<\/div>\n\t<div class=\"col-md-12\">\n\t\t<p><span class=\"wpcf7-form-control-wrap\" data-name=\"tel\"><input size=\"40\" maxlength=\"400\" class=\"wpcf7-form-control wpcf7-text wpcf7-validates-as-required\" aria-required=\"true\" aria-invalid=\"false\" placeholder=\"Telefon Numaran\u0131z\" value=\"\" type=\"text\" name=\"tel\" \/><\/span><i aria-hidden=\"true\" class=\"fas fa-mobile-alt\"><\/i>\n\t\t<\/p>\n\t<\/div>\n\t<div class=\"col-md-12\">\n\t\t<p><span class=\"wpcf7-form-control-wrap\" data-name=\"tedavi\"><select class=\"wpcf7-form-control wpcf7-select wpcf7-validates-as-required\" aria-required=\"true\" aria-invalid=\"false\" name=\"tedavi\"><option value=\"B\u00f6l\u00fcm Se\u00e7iniz\">B\u00f6l\u00fcm Se\u00e7iniz<\/option><option value=\"Sa\u00e7 Ekimi\">Sa\u00e7 Ekimi<\/option><option value=\"Estetik Cerrahi\">Estetik Cerrahi<\/option><option value=\"Dental\">Dental<\/option><\/select><\/span>\n\t\t<\/p>\n\t<\/div>\n\t<div class=\"col-md-12\">\n\t\t<p><span class=\"wpcf7-form-control-wrap\" data-name=\"mesaj\"><textarea cols=\"40\" rows=\"1\" maxlength=\"2000\" class=\"wpcf7-form-control wpcf7-textarea\" aria-invalid=\"false\" placeholder=\"Mesaj\u0131n\u0131z\" name=\"mesaj\"><\/textarea><\/span><i aria-hidden=\"true\" class=\"far fa-comment-alt\"><\/i>\n\t\t<\/p>\n\t<\/div>\n\t<div class=\"col-md-12\">\n\t\t<p><input class=\"wpcf7-form-control wpcf7-submit has-spinner\" type=\"submit\" value=\"Formu G\u00f6nder\" \/>\n\t\t<\/p>\n\t<\/div>\n<\/div><div class=\"wpcf7-response-output\" aria-hidden=\"true\"><\/div>\n<\/form>\n<\/div>\n\t<\/div>\n\n\t\t\t<\/div>\n\t\t\t\t<\/div>\n\t\t\t\t\t<\/div>\n\t\t<\/div>\n\t\t\t\t\t\t\t<\/div>\n\t\t<\/section>\n\t\t\t\t\t<\/div>\n\t\t<\/div>\n\t\t\t\t<div class=\"elementor-column elementor-col-50 elementor-top-column elementor-element elementor-element-81bea27\" data-id=\"81bea27\" data-element_type=\"column\">\n\t\t\t<div class=\"elementor-widget-wrap elementor-element-populated\">\n\t\t\t\t\t\t\t\t<div class=\"elementor-element elementor-element-8323dd6 elementor-widget elementor-widget-image\" data-id=\"8323dd6\" data-element_type=\"widget\" data-widget_type=\"image.default\">\n\t\t\t\t<div class=\"elementor-widget-container\">\n\t\t\t<style>\/*! elementor - v3.5.6 - 28-02-2022 *\/\n.elementor-widget-image{text-align:center}.elementor-widget-image a{display:inline-block}.elementor-widget-image a img[src$=\".svg\"]{width:48px}.elementor-widget-image img{vertical-align:middle;display:inline-block}<\/style>\t\t\t\t\t\t\t\t\t\t\t\t<img loading=\"lazy\" decoding=\"async\" width=\"925\" height=\"555\" src=\"https:\/\/momesteclinic.com\/tr\/wp-content\/uploads\/2022\/04\/tup-mide-header.jpg\" class=\"elementor-animation-sink attachment-full size-full\" alt=\"\" srcset=\"https:\/\/momesteclinic.com\/tr\/wp-content\/uploads\/2022\/04\/tup-mide-header.jpg 925w,  https:\/\/momesteclinic.com\/tr\/wp-content\/uploads\/2022\/04\/tup-mide-header-300x180.jpg 300w,  https:\/\/momesteclinic.com\/tr\/wp-content\/uploads\/2022\/04\/tup-mide-header-600x360.jpg 600w\" sizes=\"auto, (max-width: 925px) 100vw, 925px\" \/>\t\t\t\t\t\t\t\t\t\t\t\t\t\t\t<\/div>\n\t\t\t\t<\/div>\n\t\t\t\t<div class=\"elementor-element elementor-element-0220578 elementor-widget elementor-widget-hub_fancy_heading\" data-id=\"0220578\" data-element_type=\"widget\" data-widget_type=\"hub_fancy_heading.default\">\n\t\t\t\t<div class=\"elementor-widget-container\">\n\t\t\t\n\t\t<div id=\"ld-fancy-heading-69f85a188bf3f\" class=\"ld-fancy-heading pos-rel\">\n\t\t\t<h2 class=\"ld-fh-element d-inline-block pos-rel  elementor-heading-title lqd-highlight-classic lqd-highlight-grow-left h2\"  > T\u00fcp Mide Ameliyat\u0131\n<\/h2>\t\t<\/div>\n\n\t\t\t\t<\/div>\n\t\t\t\t<\/div>\n\t\t\t\t<div class=\"elementor-element elementor-element-93ca2a2 elementor-widget elementor-widget-text-editor\" data-id=\"93ca2a2\" data-element_type=\"widget\" data-widget_type=\"text-editor.default\">\n\t\t\t\t<div class=\"elementor-widget-container\">\n\t\t\t<style>\/*! elementor - v3.5.6 - 28-02-2022 *\/\n.elementor-widget-text-editor.elementor-drop-cap-view-stacked .elementor-drop-cap{background-color:#818a91;color:#fff}.elementor-widget-text-editor.elementor-drop-cap-view-framed .elementor-drop-cap{color:#818a91;border:3px solid;background-color:transparent}.elementor-widget-text-editor:not(.elementor-drop-cap-view-default) .elementor-drop-cap{margin-top:8px}.elementor-widget-text-editor:not(.elementor-drop-cap-view-default) .elementor-drop-cap-letter{width:1em;height:1em}.elementor-widget-text-editor .elementor-drop-cap{float:left;text-align:center;line-height:1;font-size:50px}.elementor-widget-text-editor .elementor-drop-cap-letter{display:inline-block}<\/style>\t\t\t\t<p>T\u00fcp mide ameliyat\u0131, cerrahi teknik ile midenin b\u00fcy\u00fck bir k\u0131sm\u0131n\u0131n geri d\u00f6nmeyecek \u015fekilde \u00e7\u0131kar\u0131lmas\u0131 ve boru \u015feklinin verilmesi i\u015flemidir. Sindirim sisteminde bulunan t\u00fcm organlar\u0131n \u015fekli boru tipidir. Beslenme ve g\u0131da alan\u0131 oldu\u011fu i\u00e7in midenin \u015fekli keseye benzer ve hacmi b\u00fcy\u00fcyebilir. Yemek borusunun devam\u0131 ve ba\u011f\u0131rsak ba\u011flant\u0131s\u0131 olarak t\u00fcp haline getirilir. Bu ameliyat s\u0131ras\u0131nda mideye herhangi bir yabanc\u0131 cisim yerle\u015ftirilmez.Morbid obezite sorunu olanlar ve diyetle kilo veremeyen ki\u015filer i\u00e7in uygundur. Midesinde a\u015f\u0131r\u0131 derece refl\u00fc \u015fik\u00e2yeti olan ve kontrol edilemeyecek derecede diyabeti bulunan hastalara uygulanmaz. Ameliyat i\u00e7in kimin uygun olup olmad\u0131\u011f\u0131na cerrahlar gereken m\u00fcdahaleleri yapt\u0131ktan sonra t\u00fcp mide ameliyat\u0131 olmalar\u0131na karar verirler.<\/p>\t\t\t\t\t\t<\/div>\n\t\t\t\t<\/div>\n\t\t\t\t<div class=\"elementor-element elementor-element-3dbc6f2 elementor-widget-divider--view-line elementor-widget elementor-widget-divider\" data-id=\"3dbc6f2\" data-element_type=\"widget\" data-widget_type=\"divider.default\">\n\t\t\t\t<div class=\"elementor-widget-container\">\n\t\t\t<style>\/*! elementor - v3.5.6 - 28-02-2022 *\/\n.elementor-widget-divider{--divider-border-style:none;--divider-border-width:1px;--divider-color:#2c2c2c;--divider-icon-size:20px;--divider-element-spacing:10px;--divider-pattern-height:24px;--divider-pattern-size:20px;--divider-pattern-url:none;--divider-pattern-repeat:repeat-x}.elementor-widget-divider .elementor-divider{display:-webkit-box;display:-ms-flexbox;display:flex}.elementor-widget-divider .elementor-divider__text{font-size:15px;line-height:1;max-width:95%}.elementor-widget-divider .elementor-divider__element{margin:0 var(--divider-element-spacing);-ms-flex-negative:0;flex-shrink:0}.elementor-widget-divider .elementor-icon{font-size:var(--divider-icon-size)}.elementor-widget-divider .elementor-divider-separator{display:-webkit-box;display:-ms-flexbox;display:flex;margin:0;direction:ltr}.elementor-widget-divider--view-line_icon .elementor-divider-separator,.elementor-widget-divider--view-line_text .elementor-divider-separator{-webkit-box-align:center;-ms-flex-align:center;align-items:center}.elementor-widget-divider--view-line_icon .elementor-divider-separator:after,.elementor-widget-divider--view-line_icon .elementor-divider-separator:before,.elementor-widget-divider--view-line_text .elementor-divider-separator:after,.elementor-widget-divider--view-line_text .elementor-divider-separator:before{display:block;content:\"\";border-bottom:0;-webkit-box-flex:1;-ms-flex-positive:1;flex-grow:1;border-top:var(--divider-border-width) var(--divider-border-style) var(--divider-color)}.elementor-widget-divider--element-align-left .elementor-divider .elementor-divider-separator>.elementor-divider__svg:first-of-type{-webkit-box-flex:0;-ms-flex-positive:0;flex-grow:0;-ms-flex-negative:100;flex-shrink:100}.elementor-widget-divider--element-align-left .elementor-divider-separator:before{content:none}.elementor-widget-divider--element-align-left .elementor-divider__element{margin-left:0}.elementor-widget-divider--element-align-right .elementor-divider .elementor-divider-separator>.elementor-divider__svg:last-of-type{-webkit-box-flex:0;-ms-flex-positive:0;flex-grow:0;-ms-flex-negative:100;flex-shrink:100}.elementor-widget-divider--element-align-right .elementor-divider-separator:after{content:none}.elementor-widget-divider--element-align-right .elementor-divider__element{margin-right:0}.elementor-widget-divider:not(.elementor-widget-divider--view-line_text):not(.elementor-widget-divider--view-line_icon) .elementor-divider-separator{border-top:var(--divider-border-width) var(--divider-border-style) var(--divider-color)}.elementor-widget-divider--separator-type-pattern{--divider-border-style:none}.elementor-widget-divider--separator-type-pattern.elementor-widget-divider--view-line .elementor-divider-separator,.elementor-widget-divider--separator-type-pattern:not(.elementor-widget-divider--view-line) .elementor-divider-separator:after,.elementor-widget-divider--separator-type-pattern:not(.elementor-widget-divider--view-line) .elementor-divider-separator:before,.elementor-widget-divider--separator-type-pattern:not([class*=elementor-widget-divider--view]) .elementor-divider-separator{width:100%;min-height:var(--divider-pattern-height);-webkit-mask-size:var(--divider-pattern-size) 100%;mask-size:var(--divider-pattern-size) 100%;-webkit-mask-repeat:var(--divider-pattern-repeat);mask-repeat:var(--divider-pattern-repeat);background-color:var(--divider-color);-webkit-mask-image:var(--divider-pattern-url);mask-image:var(--divider-pattern-url)}.elementor-widget-divider--no-spacing{--divider-pattern-size:auto}.elementor-widget-divider--bg-round{--divider-pattern-repeat:round}.rtl .elementor-widget-divider .elementor-divider__text{direction:rtl}<\/style>\t\t<div class=\"elementor-divider\">\n\t\t\t<span class=\"elementor-divider-separator\">\n\t\t\t\t\t\t<\/span>\n\t\t<\/div>\n\t\t\t\t<\/div>\n\t\t\t\t<\/div>\n\t\t\t\t<div class=\"elementor-element elementor-element-b1d1716 elementor-widget elementor-widget-hub_fancy_heading\" data-id=\"b1d1716\" data-element_type=\"widget\" data-widget_type=\"hub_fancy_heading.default\">\n\t\t\t\t<div class=\"elementor-widget-container\">\n\t\t\t\n\t\t<div id=\"ld-fancy-heading-69f85a1892dee\" class=\"ld-fancy-heading pos-rel\">\n\t\t\t<h2 class=\"ld-fh-element d-inline-block pos-rel  elementor-heading-title lqd-highlight-classic lqd-highlight-grow-left h2\"  > T\u00fcp Mide Ameliyat\u0131\n S\u0131k\u00e7a Sorulan Sorular<\/h2>\t\t<\/div>\n\n\t\t\t\t<\/div>\n\t\t\t\t<\/div>\n\t\t\t\t<div class=\"elementor-element elementor-element-a944e80 elementor-widget elementor-widget-spacer\" data-id=\"a944e80\" data-element_type=\"widget\" data-widget_type=\"spacer.default\">\n\t\t\t\t<div class=\"elementor-widget-container\">\n\t\t\t\t\t<div class=\"elementor-spacer\">\n\t\t\t<div class=\"elementor-spacer-inner\"><\/div>\n\t\t<\/div>\n\t\t\t\t<\/div>\n\t\t\t\t<\/div>\n\t\t\t\t<div class=\"elementor-element elementor-element-095c53f elementor-widget elementor-widget-ld_accordion\" data-id=\"095c53f\" data-element_type=\"widget\" data-widget_type=\"ld_accordion.default\">\n\t\t\t\t<div class=\"elementor-widget-container\">\n\t\t\t\n\t\t<div class=\"accordion accordion-lg accordion-side-spacing accordion-title-bg-transparent accordion-active-has-fill\" id=\"accordion-69f85a1898fb2\" role=\"tablist\" aria-multiselectable=\"true\">\n\t\t\t\t\t\t\t\t\t\t\t\t<div class=\"accordion-item panel  active\">\n\n\t\t\t\t<div class=\"accordion-heading\" role=\"tab\" id=\"heading-9811\">\n\t\t\t\t<h4 class=\"accordion-title  tabindex=\"-1\">\t\t\t\t\t<a class=\"\" role=\"button\" data-toggle=\"collapse\" data-bs-toggle=\"collapse\"\n                    tabindex=\"0\"\n\t\t\t\t\tdata-parent=\"#accordion-69f85a1898fb2\" data-bs-parent=\"#accordion-69f85a1898fb2\" href=\"#collapse-9811\" data-target=\"#collapse-9811\" data-bs-target=\"#collapse-9811\"\n\t\t\t\t\taria-expanded=\"true\" aria-controls=\"collapse-9811\">\n\t\t\t\t\t\t\t\t\t\t\t\t<span class=\"accordion-title-txt\">Mide K\u00fc\u00e7\u00fcltme Ameliyat\u0131 S\u00fcresi Nedir?<\/span>\n\t\t\t\t\t\t\t\t\t\t\t\t\t<span class=\"accordion-expander\"><i class=\"lqd-icn-ess icon-ion-ios-arrow-down\"><\/i><i class=\"lqd-icn-ess icon-ion-ios-arrow-up\"><\/i><\/span>\t\t\t\t\t\t\t\t\t\t\t<\/a>\n\t\t\t\t<\/h4>\t\t\t\t<\/div>\n\n\t\t\t\t<div id=\"collapse-9811\" class=\"accordion-collapse collapse  show\" data-bs-parent=\"#accordion-69f85a1898fb2\" role=\"tabpanel\" aria-labelledby=\"heading-9811\">\n\n\t\t\t\t<div class=\"accordion-content\">\n\t\t\t\t\t<p>Ameliyat s\u00fcresi genel olarak bak\u0131ld\u0131\u011f\u0131nda 40-90 dakika aras\u0131nda de\u011fi\u015fiklik g\u00f6sterir. Operasyon s\u00fcresi i\u015flemi yapan cerrah\u0131n tecr\u00fcbesine ve hastan\u0131n mide anatomisine g\u00f6re de\u011fi\u015fiklik g\u00f6sterebilir.<\/p>\t\t\t\t<\/div>\n\n\t\t\t\t<\/div>\n\n\t\t\t<\/div>\n\t\t\t\t\t\t\t\t\t<div class=\"accordion-item panel\">\n\n\t\t\t\t<div class=\"accordion-heading\" role=\"tab\" id=\"heading-9812\">\n\t\t\t\t<h4 class=\"accordion-title  tabindex=\"-1\">\t\t\t\t\t<a class=\"collapsed\" role=\"button\" data-toggle=\"collapse\" data-bs-toggle=\"collapse\"\n                    tabindex=\"0\"\n\t\t\t\t\tdata-parent=\"#accordion-69f85a1898fb2\" data-bs-parent=\"#accordion-69f85a1898fb2\" href=\"#collapse-9812\" data-target=\"#collapse-9812\" data-bs-target=\"#collapse-9812\"\n\t\t\t\t\taria-expanded=\"false\" aria-controls=\"collapse-9812\">\n\t\t\t\t\t\t\t\t\t\t\t\t<span class=\"accordion-title-txt\">En S\u0131k Hangi Mide K\u00fc\u00e7\u00fcltme Ameliyat\u0131 Yap\u0131l\u0131yor?<\/span>\n\t\t\t\t\t\t\t\t\t\t\t\t\t<span class=\"accordion-expander\"><i class=\"lqd-icn-ess icon-ion-ios-arrow-down\"><\/i><i class=\"lqd-icn-ess icon-ion-ios-arrow-up\"><\/i><\/span>\t\t\t\t\t\t\t\t\t\t\t<\/a>\n\t\t\t\t<\/h4>\t\t\t\t<\/div>\n\n\t\t\t\t<div id=\"collapse-9812\" class=\"accordion-collapse collapse\" data-bs-parent=\"#accordion-69f85a1898fb2\" role=\"tabpanel\" aria-labelledby=\"heading-9812\">\n\n\t\t\t\t<div class=\"accordion-content\">\n\t\t\t\t\t<p>Mide k\u00fc\u00e7\u00fcltme ameliyat y\u00f6ntemleri aras\u0131nda en s\u0131k kullan\u0131lan teknik laporoskopik mide k\u00fc\u00e7\u00fcltme ameliyat\u0131d\u0131r. \u0130yile\u015fme s\u00fcresinde hastan\u0131n daha konforlu olmas\u0131 ve cerrahlar i\u00e7in kolay bir teknik olmas\u0131 nedeni ile tercih edilir.<\/p>\t\t\t\t<\/div>\n\n\t\t\t\t<\/div>\n\n\t\t\t<\/div>\n\t\t\t\t\t\t\t\t\t<div class=\"accordion-item panel\">\n\n\t\t\t\t<div class=\"accordion-heading\" role=\"tab\" id=\"heading-9813\">\n\t\t\t\t<h4 class=\"accordion-title  tabindex=\"-1\">\t\t\t\t\t<a class=\"collapsed\" role=\"button\" data-toggle=\"collapse\" data-bs-toggle=\"collapse\"\n                    tabindex=\"0\"\n\t\t\t\t\tdata-parent=\"#accordion-69f85a1898fb2\" data-bs-parent=\"#accordion-69f85a1898fb2\" href=\"#collapse-9813\" data-target=\"#collapse-9813\" data-bs-target=\"#collapse-9813\"\n\t\t\t\t\taria-expanded=\"false\" aria-controls=\"collapse-9813\">\n\t\t\t\t\t\t\t\t\t\t\t\t<span class=\"accordion-title-txt\">T\u00fcp Mide Ameliyat Olanlar Ne Kadar Kilo Veriyor?<\/span>\n\t\t\t\t\t\t\t\t\t\t\t\t\t<span class=\"accordion-expander\"><i class=\"lqd-icn-ess icon-ion-ios-arrow-down\"><\/i><i class=\"lqd-icn-ess icon-ion-ios-arrow-up\"><\/i><\/span>\t\t\t\t\t\t\t\t\t\t\t<\/a>\n\t\t\t\t<\/h4>\t\t\t\t<\/div>\n\n\t\t\t\t<div id=\"collapse-9813\" class=\"accordion-collapse collapse\" data-bs-parent=\"#accordion-69f85a1898fb2\" role=\"tabpanel\" aria-labelledby=\"heading-9813\">\n\n\t\t\t\t<div class=\"accordion-content\">\n\t\t\t\t\t<p>Ameliyat sonras\u0131nda kilo verme i\u015flemi periyodik olarak belirlenir. Operasyonun ger\u00e7ekle\u015fti\u011fi ilk ay 10-20 kilo \u00fc\u00e7\u00fcnc\u00fc ay ise 30-40 kilo aras\u0131 verilmesi hedeflenir. Hedeflere ula\u015fmak i\u00e7in ki\u015finin beslenmesi ve egzersiz program\u0131 uygulamas\u0131 da etkilidir.<\/p>\t\t\t\t<\/div>\n\n\t\t\t\t<\/div>\n\n\t\t\t<\/div>\n\t\t\t\t\t\t\n\t\t<\/div>\n\n\t\t\t\t<\/div>\n\t\t\t\t<\/div>\n\t\t\t\t\t<\/div>\n\t\t<\/div>\n\t\t\t\t\t\t\t<\/div>\n\t\t<\/section>\n\t\t\t\t\t\t<\/div>\n\t\t\t\t\t<\/div>","protected":false},"excerpt":{"rendered":"<p>OBEZ\u0130TE T\u00fcp Mide Ameliyat\u0131 Mide Bypass Mide Balonu \u00c7a\u011fr\u0131 Merkezi: +90 542 414 84 34 H\u0131zl\u0131 Teklif Al B\u00f6l\u00fcm Se\u00e7inizSa\u00e7 EkimiEstetik CerrahiDental T\u00fcp Mide Ameliyat\u0131 T\u00fcp mide ameliyat\u0131, cerrahi teknik ile midenin b\u00fcy\u00fck bir k\u0131sm\u0131n\u0131n geri d\u00f6nmeyecek \u015fekilde \u00e7\u0131kar\u0131lmas\u0131 ve boru \u015feklinin verilmesi i\u015flemidir. Sindirim sisteminde bulunan t\u00fcm organlar\u0131n \u015fekli boru tipidir. Beslenme ve g\u0131da [&hellip;]<\/p>","protected":false},"author":1,"featured_media":0,"parent":0,"menu_order":0,"comment_status":"closed","ping_status":"closed","template":"","meta":{"footnotes":""},"class_list":["post-10633","page","type-page","status-publish","hentry"],"_links":{"self":[{"href":"https:\/\/momesteclinic.com\/tr\/wp-json\/wp\/v2\/pages\/10633","targetHints":{"allow":["GET"]}}],"collection":[{"href":"https:\/\/momesteclinic.com\/tr\/wp-json\/wp\/v2\/pages"}],"about":[{"href":"https:\/\/momesteclinic.com\/tr\/wp-json\/wp\/v2\/types\/page"}],"author":[{"embeddable":true,"href":"https:\/\/momesteclinic.com\/tr\/wp-json\/wp\/v2\/users\/1"}],"replies":[{"embeddable":true,"href":"https:\/\/momesteclinic.com\/tr\/wp-json\/wp\/v2\/comments?post=10633"}],"version-history":[{"count":0,"href":"https:\/\/momesteclinic.com\/tr\/wp-json\/wp\/v2\/pages\/10633\/revisions"}],"wp:attachment":[{"href":"https:\/\/momesteclinic.com\/tr\/wp-json\/wp\/v2\/media?parent=10633"}],"curies":[{"name":"wp","href":"https:\/\/api.w.org\/{rel}","templated":true}]}}